{"id":363,"date":"2020-03-10T21:16:55","date_gmt":"2020-03-10T21:16:55","guid":{"rendered":"https:\/\/startersites.io\/blocksy\/modern-shop\/?page_id=3"},"modified":"2026-03-05T23:38:29","modified_gmt":"2026-03-06T02:38:29","slug":"privacy-policy","status":"publish","type":"page","link":"https:\/\/rapix.com.ar\/en\/privacy-policy\/","title":{"rendered":"Pol\u00edtica de privacidad"},"content":{"rendered":"<h2 data-start=\"830\" data-end=\"867\"><strong data-start=\"833\" data-end=\"867\">1. Responsable del tratamiento<\/strong><\/h2>\r\n<p data-start=\"868\" data-end=\"1007\"><strong data-start=\"868\" data-end=\"913\">RAPIX.COM.AR<\/strong><br data-start=\"913\" data-end=\"916\" \/>Sitio web: <strong data-start=\"927\" data-end=\"947\">rapix.com.ar<\/strong><br data-start=\"947\" data-end=\"950\" \/>Correo electr\u00f3nico de contacto: <strong data-start=\"982\" data-end=\"1007\"><a class=\"decorated-link cursor-pointer\" rel=\"noopener\">support@rapix.com.ar<\/a><\/strong><\/p>\r\n<h2 data-start=\"1009\" data-end=\"1026\"><strong data-start=\"1012\" data-end=\"1026\">2. Alcance<\/strong><\/h2>\r\n<p data-start=\"1027\" data-end=\"1154\">Esta Pol\u00edtica de Privacidad se aplica a todos los usuarios del sitio web, independientemente de su pa\u00eds o regi\u00f3n de residencia.<\/p>\r\n<h2 data-start=\"1156\" data-end=\"1193\"><strong data-start=\"1159\" data-end=\"1193\">3. Informaci\u00f3n que recopilamos<\/strong><\/h2>\r\n<p data-start=\"1194\" data-end=\"1264\">Podemos recopilar informaci\u00f3n personal, incluyendo pero no limitada a:<\/p>\r\n<ul data-start=\"1265\" data-end=\"1516\">\r\n<li data-start=\"1265\" data-end=\"1286\">\r\n<p data-start=\"1267\" data-end=\"1286\">Nombre y apellido<\/p>\r\n<\/li>\r\n<li data-start=\"1287\" data-end=\"1322\">\r\n<p data-start=\"1289\" data-end=\"1322\">Direcci\u00f3n de correo electr\u00f3nico<\/p>\r\n<\/li>\r\n<li data-start=\"1323\" data-end=\"1345\">\r\n<p data-start=\"1325\" data-end=\"1345\">N\u00famero de tel\u00e9fono<\/p>\r\n<\/li>\r\n<li data-start=\"1346\" data-end=\"1377\">\r\n<p data-start=\"1348\" data-end=\"1377\">Datos de facturaci\u00f3n y pago<\/p>\r\n<\/li>\r\n<li data-start=\"1378\" data-end=\"1440\">\r\n<p data-start=\"1380\" data-end=\"1440\">Informaci\u00f3n proporcionada mediante formularios de contacto<\/p>\r\n<\/li>\r\n<li data-start=\"1441\" data-end=\"1516\">\r\n<p data-start=\"1443\" data-end=\"1516\">Datos t\u00e9cnicos como direcci\u00f3n IP, tipo de navegador y sistema operativo<\/p>\r\n<\/li>\r\n<\/ul>\r\n<h2 data-start=\"1518\" data-end=\"1553\"><strong data-start=\"1521\" data-end=\"1553\">4. Finalidad del tratamiento<\/strong><\/h2>\r\n<p data-start=\"1554\" data-end=\"1596\">La informaci\u00f3n recopilada se utiliza para:<\/p>\r\n<ul data-start=\"1597\" data-end=\"1908\">\r\n<li data-start=\"1597\" data-end=\"1665\">\r\n<p data-start=\"1599\" data-end=\"1665\">Proveer y gestionar nuestros servicios de creaci\u00f3n de sitios web<\/p>\r\n<\/li>\r\n<li data-start=\"1666\" data-end=\"1717\">\r\n<p data-start=\"1668\" data-end=\"1717\">Responder consultas, solicitudes y presupuestos<\/p>\r\n<\/li>\r\n<li data-start=\"1718\" data-end=\"1770\">\r\n<p data-start=\"1720\" data-end=\"1770\">Gestionar relaciones comerciales y contractuales<\/p>\r\n<\/li>\r\n<li data-start=\"1771\" data-end=\"1803\">\r\n<p data-start=\"1773\" data-end=\"1803\">Procesar pagos y facturaci\u00f3n<\/p>\r\n<\/li>\r\n<li data-start=\"1804\" data-end=\"1871\">\r\n<p data-start=\"1806\" data-end=\"1871\">Mejorar la funcionalidad, seguridad y experiencia del sitio web<\/p>\r\n<\/li>\r\n<li data-start=\"1872\" data-end=\"1908\">\r\n<p data-start=\"1874\" data-end=\"1908\">Cumplir con obligaciones legales<\/p>\r\n<\/li>\r\n<\/ul>\r\n<h2 data-start=\"1910\" data-end=\"1950\"><strong data-start=\"1913\" data-end=\"1950\">5. Base legal para el tratamiento<\/strong><\/h2>\r\n<p data-start=\"1951\" data-end=\"1998\">Tratamos los datos personales sobre la base de:<\/p>\r\n<ul data-start=\"1999\" data-end=\"2205\">\r\n<li data-start=\"1999\" data-end=\"2032\">\r\n<p data-start=\"2001\" data-end=\"2032\">El consentimiento del usuario<\/p>\r\n<\/li>\r\n<li data-start=\"2033\" data-end=\"2091\">\r\n<p data-start=\"2035\" data-end=\"2091\">La ejecuci\u00f3n de un contrato o medidas precontractuales<\/p>\r\n<\/li>\r\n<li data-start=\"2092\" data-end=\"2135\">\r\n<p data-start=\"2094\" data-end=\"2135\">El cumplimiento de obligaciones legales<\/p>\r\n<\/li>\r\n<li data-start=\"2136\" data-end=\"2205\">\r\n<p data-start=\"2138\" data-end=\"2205\">Nuestro inter\u00e9s leg\u00edtimo en mejorar y proteger nuestros servicios<\/p>\r\n<\/li>\r\n<\/ul>\r\n<h2 data-start=\"2207\" data-end=\"2242\"><strong data-start=\"2210\" data-end=\"2242\">6. Conservaci\u00f3n de los datos<\/strong><\/h2>\r\n<p data-start=\"2243\" data-end=\"2448\">Los datos personales se conservar\u00e1n \u00fanicamente durante el tiempo necesario para cumplir con las finalidades para las que fueron recopilados, o mientras exista una relaci\u00f3n comercial o una obligaci\u00f3n legal.<\/p>\r\n<h2 data-start=\"2450\" data-end=\"2487\"><strong data-start=\"2453\" data-end=\"2487\">7. Seguridad de la informaci\u00f3n<\/strong><\/h2>\r\n<p data-start=\"2488\" data-end=\"2655\">Adoptamos medidas t\u00e9cnicas y organizativas razonables para proteger los datos personales contra accesos no autorizados, p\u00e9rdida, alteraci\u00f3n, divulgaci\u00f3n o destrucci\u00f3n.<\/p>\r\n<h2 data-start=\"2657\" data-end=\"2706\"><strong data-start=\"2660\" data-end=\"2706\">8. Transferencias internacionales de datos<\/strong><\/h2>\r\n<p data-start=\"2707\" data-end=\"2968\">Dado el car\u00e1cter global de nuestros servicios, los datos pueden ser almacenados o procesados en servidores ubicados fuera del pa\u00eds de residencia del usuario. En todos los casos, garantizamos niveles adecuados de protecci\u00f3n conforme a est\u00e1ndares internacionales.<\/p>\r\n<h2 data-start=\"2970\" data-end=\"2994\"><strong data-start=\"2973\" data-end=\"2994\">9. Uso de cookies<\/strong><\/h2>\r\n<p data-start=\"2995\" data-end=\"3055\">Este sitio web utiliza cookies y tecnolog\u00edas similares para:<\/p>\r\n<ul data-start=\"3056\" data-end=\"3141\">\r\n<li data-start=\"3056\" data-end=\"3085\">\r\n<p data-start=\"3058\" data-end=\"3085\">Analizar el uso del sitio<\/p>\r\n<\/li>\r\n<li data-start=\"3086\" data-end=\"3141\">\r\n<p data-start=\"3088\" data-end=\"3141\">Mejorar el rendimiento y la experiencia del usuario<\/p>\r\n<\/li>\r\n<\/ul>\r\n<p data-start=\"3143\" data-end=\"3252\">El usuario puede configurar su navegador para aceptar o rechazar cookies, o eliminarlas en cualquier momento.<\/p>\r\n<h2 data-start=\"3254\" data-end=\"3305\"><strong data-start=\"3257\" data-end=\"3305\">10. Compartici\u00f3n de informaci\u00f3n con terceros<\/strong><\/h2>\r\n<p data-start=\"3306\" data-end=\"3397\">No vendemos ni alquilamos datos personales.<br data-start=\"3349\" data-end=\"3352\" \/>Podemos compartir informaci\u00f3n \u00fanicamente con:<\/p>\r\n<ul data-start=\"3398\" data-end=\"3551\">\r\n<li data-start=\"3398\" data-end=\"3498\">\r\n<p data-start=\"3400\" data-end=\"3498\">Proveedores de servicios tecnol\u00f3gicos (hosting, email, pagos), bajo acuerdos de confidencialidad<\/p>\r\n<\/li>\r\n<li data-start=\"3499\" data-end=\"3551\">\r\n<p data-start=\"3501\" data-end=\"3551\">Autoridades legales cuando sea requerido por ley<\/p>\r\n<\/li>\r\n<\/ul>\r\n<h2 data-start=\"3553\" data-end=\"3584\"><strong data-start=\"3556\" data-end=\"3584\">11. Derechos del usuario<\/strong><\/h2>\r\n<p data-start=\"3585\" data-end=\"3642\">Los usuarios, independientemente de su ubicaci\u00f3n, pueden:<\/p>\r\n<ul data-start=\"3643\" data-end=\"3878\">\r\n<li data-start=\"3643\" data-end=\"3677\">\r\n<p data-start=\"3645\" data-end=\"3677\">Acceder a sus datos personales<\/p>\r\n<\/li>\r\n<li data-start=\"3678\" data-end=\"3734\">\r\n<p data-start=\"3680\" data-end=\"3734\">Solicitar la correcci\u00f3n o actualizaci\u00f3n de los datos<\/p>\r\n<\/li>\r\n<li data-start=\"3735\" data-end=\"3776\">\r\n<p data-start=\"3737\" data-end=\"3776\">Solicitar la eliminaci\u00f3n de sus datos<\/p>\r\n<\/li>\r\n<li data-start=\"3777\" data-end=\"3827\">\r\n<p data-start=\"3779\" data-end=\"3827\">Limitar u oponerse al tratamiento de los datos<\/p>\r\n<\/li>\r\n<li data-start=\"3828\" data-end=\"3878\">\r\n<p data-start=\"3830\" data-end=\"3878\">Retirar su consentimiento en cualquier momento<\/p>\r\n<\/li>\r\n<\/ul>\r\n<p data-start=\"3880\" data-end=\"3960\">Las solicitudes pueden enviarse al correo electr\u00f3nico indicado en esta pol\u00edtica.<\/p>\r\n<h2 data-start=\"3962\" data-end=\"3994\"><strong data-start=\"3965\" data-end=\"3994\">12. Privacidad de menores<\/strong><\/h2>\r\n<p data-start=\"3995\" data-end=\"4119\">Nuestros servicios no est\u00e1n dirigidos a menores de 16 a\u00f1os. No recopilamos intencionalmente informaci\u00f3n personal de menores.<\/p>\r\n<h2 data-start=\"4121\" data-end=\"4157\"><strong data-start=\"4124\" data-end=\"4157\">13. Enlaces a sitios externos<\/strong><\/h2>\r\n<p data-start=\"4158\" data-end=\"4290\">Este sitio web puede contener enlaces a sitios de terceros. No somos responsables de sus pr\u00e1cticas de privacidad ni de su contenido.<\/p>\r\n<h2 data-start=\"4292\" data-end=\"4327\"><strong data-start=\"4295\" data-end=\"4327\">14. Cambios en esta pol\u00edtica<\/strong><\/h2>\r\n<p data-start=\"4328\" data-end=\"4491\">Nos reservamos el derecho de modificar esta Pol\u00edtica de Privacidad en cualquier momento. Las modificaciones entrar\u00e1n en vigor desde su publicaci\u00f3n en el sitio web.<\/p>\r\n<h2 data-start=\"4493\" data-end=\"4514\"><strong data-start=\"4496\" data-end=\"4514\">15. Aceptaci\u00f3n<\/strong><\/h2>\r\n<p data-start=\"4515\" data-end=\"4601\">El uso de este sitio web implica la aceptaci\u00f3n expresa de esta Pol\u00edtica de Privacidad.<\/p>","protected":false},"excerpt":{"rendered":"<p>1. Responsable del tratamiento RAPIX.COM.ARSitio web: rapix.com.arCorreo electr\u00f3nico de contacto: support@rapix.com.ar 2. Alcance Esta Pol\u00edtica de Privacidad se aplica a todos los usuarios del sitio web, independientemente de su pa\u00eds o regi\u00f3n de residencia. 3. Informaci\u00f3n que recopilamos Podemos recopilar informaci\u00f3n personal, incluyendo pero no limitada a: Nombre y apellido Direcci\u00f3n de correo electr\u00f3nico N\u00famero [&hellip;]<\/p>\n","protected":false},"author":2,"featured_media":0,"parent":0,"menu_order":0,"comment_status":"closed","ping_status":"closed","template":"","meta":{"footnotes":""},"class_list":["post-363","page","type-page","status-publish","hentry"],"blocksy_meta":{"styles_descriptor":{"styles":{"desktop":"","tablet":"","mobile":""},"google_fonts":[],"version":6}},"_links":{"self":[{"href":"https:\/\/rapix.com.ar\/en\/wp-json\/wp\/v2\/pages\/363","targetHints":{"allow":["GET"]}}],"collection":[{"href":"https:\/\/rapix.com.ar\/en\/wp-json\/wp\/v2\/pages"}],"about":[{"href":"https:\/\/rapix.com.ar\/en\/wp-json\/wp\/v2\/types\/page"}],"author":[{"embeddable":true,"href":"https:\/\/rapix.com.ar\/en\/wp-json\/wp\/v2\/users\/2"}],"replies":[{"embeddable":true,"href":"https:\/\/rapix.com.ar\/en\/wp-json\/wp\/v2\/comments?post=363"}],"version-history":[{"count":8,"href":"https:\/\/rapix.com.ar\/en\/wp-json\/wp\/v2\/pages\/363\/revisions"}],"predecessor-version":[{"id":2691,"href":"https:\/\/rapix.com.ar\/en\/wp-json\/wp\/v2\/pages\/363\/revisions\/2691"}],"wp:attachment":[{"href":"https:\/\/rapix.com.ar\/en\/wp-json\/wp\/v2\/media?parent=363"}],"curies":[{"name":"wp","href":"https:\/\/api.w.org\/{rel}","templated":true}]}}